{"id":387,"date":"2019-05-22T11:15:11","date_gmt":"2019-05-22T11:15:11","guid":{"rendered":"https:\/\/demo.everestthemes.com\/gucherry\/?page_id=15"},"modified":"2025-11-27T11:36:25","modified_gmt":"2025-11-27T14:36:25","slug":"sobre-mim","status":"publish","type":"page","link":"https:\/\/cassiohernandes.med.br\/blog\/sobre-mim\/","title":{"rendered":"Sobre mim"},"content":{"rendered":"\r\n<p>&nbsp;<\/p>\r\n<p>Sobre o Dr. Cassio Hernandes<br \/>Especialista em dermatologia com anos de experi\u00eancia, dedicado a oferecer o melhor cuidado para a sa\u00fade da sua pele.<\/p>\r\n<p>Com mais de 25 anos dedicados \u00e0 medicina e dermatologia, o Dr. C\u00e1ssio \u00e9 um dermatologista com reconhecimento pela Sociedade Brasileira de Dermatologia (SBD). Formado em medicina em 1996, concluiu sua especializa\u00e7\u00e3o em dermatologia em 2001 em servi\u00e7o credenciado pela SBD.<\/p>\r\n<p>Em 2002, estagiou no renomado Servi\u00e7o de Dermatologia do Professor Louis Dubertret no H\u00f4pital Sant Louis, em Paris. \u00c9 membro ativo da Sociedade Brasileira de Melanoma e mant\u00e9m-se constantemente atualizado participando de congressos e eventos dermatol\u00f3gicos.<\/p>\r\n<h4 class=\"font-semibold text-gray-800 mb-3\">Experi\u00eancia Hospitalar<\/h4>\r\n<p><strong>Consult\u00f3rio particular desde 2003<\/strong><\/p>\r\n<p>\u2022 M\u00e9dico respons\u00e1vel &#8211; Dermatologia Hospital Santa Virg\u00ednia (2003-2013)<\/p>\r\n<p>\u2022 M\u00e9dico respons\u00e1vel &#8211; Dermatologia Hospital S\u00e3o Luiz (desde 2013)<\/p>\r\n","protected":false},"excerpt":{"rendered":"<p>&nbsp; Sobre o Dr. Cassio HernandesEspecialista em dermatologia com anos de experi\u00eancia, dedicado a oferecer o melhor cuidado para a sa\u00fade da sua pele. Com mais de 25 anos dedicados \u00e0 medicina e dermatologia, o Dr. C\u00e1ssio \u00e9 um dermatologista com reconhecimento pela Sociedade Brasileira de Dermatologia (SBD). Formado em medicina em 1996, concluiu sua especializa\u00e7\u00e3o em dermatologia em 2001 em servi\u00e7o credenciado pela SBD. &hellip; <\/p>\n","protected":false},"author":1,"featured_media":9,"parent":0,"menu_order":0,"comment_status":"closed","ping_status":"closed","template":"","meta":{"footnotes":""},"class_list":["post-387","page","type-page","status-publish","has-post-thumbnail","hentry"],"_links":{"self":[{"href":"https:\/\/cassiohernandes.med.br\/blog\/wp-json\/wp\/v2\/pages\/387","targetHints":{"allow":["GET"]}}],"collection":[{"href":"https:\/\/cassiohernandes.med.br\/blog\/wp-json\/wp\/v2\/pages"}],"about":[{"href":"https:\/\/cassiohernandes.med.br\/blog\/wp-json\/wp\/v2\/types\/page"}],"author":[{"embeddable":true,"href":"https:\/\/cassiohernandes.med.br\/blog\/wp-json\/wp\/v2\/users\/1"}],"replies":[{"embeddable":true,"href":"https:\/\/cassiohernandes.med.br\/blog\/wp-json\/wp\/v2\/comments?post=387"}],"version-history":[{"count":1,"href":"https:\/\/cassiohernandes.med.br\/blog\/wp-json\/wp\/v2\/pages\/387\/revisions"}],"predecessor-version":[{"id":582,"href":"https:\/\/cassiohernandes.med.br\/blog\/wp-json\/wp\/v2\/pages\/387\/revisions\/582"}],"wp:featuredmedia":[{"embeddable":true,"href":"https:\/\/cassiohernandes.med.br\/blog\/wp-json\/wp\/v2\/media\/9"}],"wp:attachment":[{"href":"https:\/\/cassiohernandes.med.br\/blog\/wp-json\/wp\/v2\/media?parent=387"}],"curies":[{"name":"wp","href":"https:\/\/api.w.org\/{rel}","templated":true}]}}